{"id":664,"date":"2025-10-19T09:54:20","date_gmt":"2025-10-19T09:54:20","guid":{"rendered":"https:\/\/tienda.tarotcaridaddelcobre.com\/?page_id=664"},"modified":"2025-10-19T09:54:20","modified_gmt":"2025-10-19T09:54:20","slug":"politica-de-privacidad-de-redes-sociales","status":"publish","type":"page","link":"https:\/\/tienda.tarotcaridaddelcobre.com\/index.php\/politica-de-privacidad-de-redes-sociales\/","title":{"rendered":"Pol\u00edtica de Privacidad de Redes Sociales"},"content":{"rendered":"<h5 class=\"wp-block-heading\">Pol\u00edtica de Privacidad de Redes Sociales<\/h5>\n<p>En cumplimiento del \u00a0Reglamento Europeo de Protecci\u00f3n de Datos (RGPD) y a la reciente Ley Org\u00e1nica 3\/2018, de 5 de diciembre, de Servicios de la Sociedad de la Informaci\u00f3n y de Comercio Electr\u00f3nico (LSSI-CE). Pol\u00edtica de Privacidad de Redes Sociales.<\/p>\n<p><strong>Tienda Caridad del Cobre<\/strong> informa a los usuarios, que ha procedido a crear un perfil en las Redes Sociales Facebook, Instagram, Tik Tok, You Tube, con la finalidad principal de publicitar sus productos y servicios.<\/p>\n<p>El usuario dispone de un perfil en la misma Red Social y ha decidido unirse a la p\u00e1gina creada por\u00a0<strong>Tienda Caridad del Cobre<\/strong>, mostrando as\u00ed inter\u00e9s en la informaci\u00f3n que se publicite en la Red.<\/p>\n<p>Al unirse a nuestra p\u00e1gina, nos facilita su consentimiento para el tratamiento de aquellos datos personales publicados en su perfil.<br \/>\nEl usuario puede acceder en todo momento a las pol\u00edticas de privacidad de la propia Red Social, as\u00ed como configurar su perfil para garantizar su privacidad.<\/p>\n<p><strong>Tienda Caridad del Cobre<\/strong> tiene acceso y trata aquella informaci\u00f3n p\u00fablica del usuario, en especial, su nombre de contacto.<\/p>\n<p>Estos datos, s\u00f3lo son utilizados dentro de la propia Red Social.<\/p>\n<h5 class=\"wp-block-heading\">No son incorporados a ning\u00fan fichero<\/h5>\n<p>En relaci\u00f3n con los derechos de acceso, rectificaci\u00f3n, cancelaci\u00f3n y oposici\u00f3n, de los que usted dispone y que pueden ser ejercitados ante <strong>Tienda Caridad del Cobre<\/strong>, de acuerdo con la RGPD, debe tener en cuenta los siguientes matices:<\/p>\n<p>-Acceso:<\/p>\n<p>Vendr\u00e1 definido por la funcionalidad de la Red Social y la capacidad de acceso a la informaci\u00f3n de los perfiles de los usuarios.<br \/>\n-Rectificaci\u00f3n:<\/p>\n<p>S\u00f3lo podr\u00e1 satisfacerse en relaci\u00f3n con aquella informaci\u00f3n que se encuentre bajo el control de\u00a0<strong>Tarot Caridad del Cobre.<\/strong><\/p>\n<p>Por ejemplo, eliminar comentarios publicados en la propia p\u00e1gina.<\/p>\n<p>Normalmente, este derecho deber\u00e1 ejercerlo ante la Red Social.<br \/>\n-Cancelaci\u00f3n y\/u Oposici\u00f3n:<\/p>\n<p>Como en el caso anterior, s\u00f3lo podr\u00e1 satisfacerse en relaci\u00f3n con aquella informaci\u00f3n que se encuentre bajo el control de\u00a0<strong>Tarot Caridad del Cobre<\/strong>, por ejemplo, dejar de estar unido al perfil.<\/p>\n<p>Para el ejercicio de estos derechos puede ver c\u00f3mo ejercerlos en nuestra pol\u00edtica de privacidad en <a href=\"https:\/\/tienda.tarotcaridaddelcobre.com\/\">https:\/\/tienda.tarotcaridaddelcobre.com\/<\/a><\/p>\n<h5 class=\"wp-block-heading\"><strong>Tienda Caridad del Cobre <\/strong>realizar\u00e1 las siguientes actuaciones: Pol\u00edtica de Privacidad de Redes Sociales<\/h5>\n<p>-Acceso a la informaci\u00f3n p\u00fablica del perfil.<br \/>\n-Publicaci\u00f3n en el perfil del usuario de toda aquella informaci\u00f3n ya publicada en la p\u00e1gina de <strong>Tienda Caridad del Cobre<\/strong>.<br \/>\n-Enviar mensajes personales e individuales a trav\u00e9s de los canales de la Red Social.<br \/>\n-Actualizaciones del estado de la p\u00e1gina que se publicar\u00e1n en el perfil del usuario.<\/p>\n<p>El usuario siempre puede controlar sus conexiones, eliminar los contenidos que dejen de interesarles y restringir con qui\u00e9n comparte sus conexiones.<\/p>\n<p>Para ello deber\u00e1 acceder a su configuraci\u00f3n de privacidad.<\/p>\n<h5 class=\"wp-block-heading\">Publicaciones<\/h5>\n<p>El usuario, una vez unido a la p\u00e1gina de <strong>Tienda Caridad del Cobre<\/strong>, podr\u00e1 publicar en \u00e9sta \u00faltima comentarios, enlaces, im\u00e1genes o fotograf\u00edas o cualquier otro tipo de contenido multimedia soportado por la Red Social.<\/p>\n<p>El usuario, en todos los casos, debe ser el titular de los mismos, gozar de los derechos de autor y de propiedad intelectual o contar con el consentimiento de los terceros afectados.<\/p>\n<p>Se proh\u00edbe expresamente cualquier publicaci\u00f3n en la p\u00e1gina, ya sean textos, gr\u00e1ficos, fotograf\u00edas, v\u00eddeos, etc.<\/p>\n<p>Que atenten o sean susceptibles de atentar contra la moral, la \u00e9tica, el buen gusto o el decoro, y\/o que infrinjan, violen o quebranten los derechos de propiedad intelectual o industrial, el derecho a la imagen o la Ley.<\/p>\n<p>En estos casos, <strong>Tienda Caridad del Cobre<\/strong><strong>\u00a0<\/strong>se reserva el derecho a retirar de inmediato el contenido, pudiendo solicitar el bloqueo permanente del usuario.<br \/>\n<strong>Tienda Caridad del Cobre<\/strong> no se har\u00e1 responsable de los contenidos que libremente ha publicado un usuario.<\/p>\n<p>El usuario debe tener presente que sus publicaciones ser\u00e1n conocidas por los otros usuarios, por lo que \u00e9l mismo es el principal responsable de su privacidad.<\/p>\n<p>Las im\u00e1genes que puedan publicarse en la p\u00e1gina no ser\u00e1n almacenadas en ning\u00fan fichero por parte de <strong>Tienda Caridad del Cobre<\/strong>, pero s\u00ed que permanecer\u00e1n en la Red Social.<\/p>\n<h5 class=\"wp-block-heading\">Concursos y promociones<\/h5>\n<p><strong>Tienda Caridad del Cobre<\/strong> se \u00a0reserva \u00a0el \u00a0derecho \u00a0a \u00a0realizar \u00a0concursos \u00a0y \u00a0promociones, \u00a0en \u00a0los \u00a0que podr\u00e1 participar el usuario unido a su p\u00e1gina.<\/p>\n<p>Las bases de cada uno de ellos, cuando se utilice para ello la plataforma de la Red Social, ser\u00e1n publicadas en la misma.<\/p>\n<p>Cumpliendo siempre con la LSSI-CE y con cualquier otra norma que le sea de aplicaci\u00f3n.<\/p>\n<p>La Red Social no patrocina, \u00a0avala \u00a0ni \u00a0administra, \u00a0de \u00a0modo \u00a0alguno, \u00a0ninguna \u00a0de \u00a0nuestras promociones, ni est\u00e1 asociada a ninguna de ellas.<\/p>\n<h5 class=\"wp-block-heading\">Publicidad<\/h5>\n<p><strong>Tienda Caridad del Cobre<\/strong> utilizar\u00e1 la Red Social para publicitar sus servicios de Tarot Telef\u00f3nico y dem\u00e1s que considere oportunos seg\u00fan ocasiones especiales.<\/p>\n<p>Coincidiendo con festividades como el d\u00eda de los difuntos, festividades navide\u00f1as, semana santa, san valent\u00edn y dem\u00e1s.<\/p>\n<p>En todo caso, si decide tratar sus datos de contacto para realizar acciones directas de prospecci\u00f3n comercial, ser\u00e1 siempre, cumpliendo con las exigencias legales de la RGPD y de la LSSI-CE.<br \/>\nNo se considerar\u00e1 publicidad el hecho de recomendar a otros usuarios la p\u00e1gina de <strong>Tienda Caridad del Cobre<\/strong>\u00a0para que tambi\u00e9n ellos puedan disfrutar de las promociones o estar informados de su actividad.<\/p>\n<p><strong>Este documento se recoge la\u00a0<a href=\"https:\/\/tienda.tarotcaridaddelcobre.com\/index.php\/proteccion-de-datos\/\">pol\u00edtica de privacidad<\/a> de <a href=\"https:\/\/tienda.tarotcaridaddelcobre.com\/\">https:\/\/tienda.tarotcaridaddelcobre.com\/<\/a><\/strong><strong>\u00a0y de su sitio en la red social Facebook, Instagran, Tik Tok y You Tube.\u00a0<\/strong><\/p>\n","protected":false},"excerpt":{"rendered":"<p>Pol\u00edtica de Privacidad de Redes Sociales En cumplimiento del \u00a0Reglamento Europeo de Protecci\u00f3n de Datos (RGPD) y a la reciente Ley Org\u00e1nica 3\/2018, de 5 de diciembre, de Servicios de la Sociedad de la Informaci\u00f3n y de Comercio Electr\u00f3nico (LSSI-CE). Pol\u00edtica de Privacidad de Redes Sociales. Tienda Caridad del Cobre informa a los usuarios, que [&hellip;]<\/p>\n","protected":false},"author":1,"featured_media":0,"parent":0,"menu_order":0,"comment_status":"closed","ping_status":"closed","template":"","meta":{"footnotes":""},"class_list":["post-664","page","type-page","status-publish","hentry"],"yoast_head":"<!-- This site is optimized with the Yoast SEO plugin v26.6 - https:\/\/yoast.com\/wordpress\/plugins\/seo\/ -->\n<title>Pol\u00edtica de Privacidad de Redes Sociales - Tienda Caridad Del Cobre<\/title>\n<meta name=\"robots\" content=\"index, follow, max-snippet:-1, max-image-preview:large, max-video-preview:-1\" \/>\n<link rel=\"canonical\" href=\"https:\/\/tienda.tarotcaridaddelcobre.com\/index.php\/politica-de-privacidad-de-redes-sociales\/\" \/>\n<meta property=\"og:locale\" content=\"es_ES\" \/>\n<meta property=\"og:type\" content=\"article\" \/>\n<meta property=\"og:title\" content=\"Pol\u00edtica de Privacidad de Redes Sociales - Tienda Caridad Del Cobre\" \/>\n<meta property=\"og:description\" content=\"Pol\u00edtica de Privacidad de Redes Sociales En cumplimiento del \u00a0Reglamento Europeo de Protecci\u00f3n de Datos (RGPD) y a la reciente Ley Org\u00e1nica 3\/2018, de 5 de diciembre, de Servicios de la Sociedad de la Informaci\u00f3n y de Comercio Electr\u00f3nico (LSSI-CE). Pol\u00edtica de Privacidad de Redes Sociales. Tienda Caridad del Cobre informa a los usuarios, que [&hellip;]\" \/>\n<meta property=\"og:url\" content=\"https:\/\/tienda.tarotcaridaddelcobre.com\/index.php\/politica-de-privacidad-de-redes-sociales\/\" \/>\n<meta property=\"og:site_name\" content=\"Tienda Caridad Del Cobre\" \/>\n<meta name=\"twitter:card\" content=\"summary_large_image\" \/>\n<meta name=\"twitter:label1\" content=\"Tiempo de lectura\" \/>\n\t<meta name=\"twitter:data1\" content=\"5 minutos\" \/>\n<script type=\"application\/ld+json\" class=\"yoast-schema-graph\">{\"@context\":\"https:\/\/schema.org\",\"@graph\":[{\"@type\":\"WebPage\",\"@id\":\"https:\/\/tienda.tarotcaridaddelcobre.com\/index.php\/politica-de-privacidad-de-redes-sociales\/\",\"url\":\"https:\/\/tienda.tarotcaridaddelcobre.com\/index.php\/politica-de-privacidad-de-redes-sociales\/\",\"name\":\"Pol\u00edtica de Privacidad de Redes Sociales - Tienda Caridad Del Cobre\",\"isPartOf\":{\"@id\":\"https:\/\/tienda.tarotcaridaddelcobre.com\/#website\"},\"datePublished\":\"2025-10-19T09:54:20+00:00\",\"breadcrumb\":{\"@id\":\"https:\/\/tienda.tarotcaridaddelcobre.com\/index.php\/politica-de-privacidad-de-redes-sociales\/#breadcrumb\"},\"inLanguage\":\"es\",\"potentialAction\":[{\"@type\":\"ReadAction\",\"target\":[\"https:\/\/tienda.tarotcaridaddelcobre.com\/index.php\/politica-de-privacidad-de-redes-sociales\/\"]}]},{\"@type\":\"BreadcrumbList\",\"@id\":\"https:\/\/tienda.tarotcaridaddelcobre.com\/index.php\/politica-de-privacidad-de-redes-sociales\/#breadcrumb\",\"itemListElement\":[{\"@type\":\"ListItem\",\"position\":1,\"name\":\"Portada\",\"item\":\"https:\/\/tienda.tarotcaridaddelcobre.com\/\"},{\"@type\":\"ListItem\",\"position\":2,\"name\":\"Pol\u00edtica de Privacidad de Redes Sociales\"}]},{\"@type\":\"WebSite\",\"@id\":\"https:\/\/tienda.tarotcaridaddelcobre.com\/#website\",\"url\":\"https:\/\/tienda.tarotcaridaddelcobre.com\/\",\"name\":\"Tienda Caridad Del Cobre\",\"description\":\"Si lo sue\u00f1as aqu\u00ed lo encontrar\u00e1s\",\"potentialAction\":[{\"@type\":\"SearchAction\",\"target\":{\"@type\":\"EntryPoint\",\"urlTemplate\":\"https:\/\/tienda.tarotcaridaddelcobre.com\/?s={search_term_string}\"},\"query-input\":{\"@type\":\"PropertyValueSpecification\",\"valueRequired\":true,\"valueName\":\"search_term_string\"}}],\"inLanguage\":\"es\"}]}<\/script>\n<!-- \/ Yoast SEO plugin. -->","yoast_head_json":{"title":"Pol\u00edtica de Privacidad de Redes Sociales - Tienda Caridad Del Cobre","robots":{"index":"index","follow":"follow","max-snippet":"max-snippet:-1","max-image-preview":"max-image-preview:large","max-video-preview":"max-video-preview:-1"},"canonical":"https:\/\/tienda.tarotcaridaddelcobre.com\/index.php\/politica-de-privacidad-de-redes-sociales\/","og_locale":"es_ES","og_type":"article","og_title":"Pol\u00edtica de Privacidad de Redes Sociales - Tienda Caridad Del Cobre","og_description":"Pol\u00edtica de Privacidad de Redes Sociales En cumplimiento del \u00a0Reglamento Europeo de Protecci\u00f3n de Datos (RGPD) y a la reciente Ley Org\u00e1nica 3\/2018, de 5 de diciembre, de Servicios de la Sociedad de la Informaci\u00f3n y de Comercio Electr\u00f3nico (LSSI-CE). Pol\u00edtica de Privacidad de Redes Sociales. Tienda Caridad del Cobre informa a los usuarios, que [&hellip;]","og_url":"https:\/\/tienda.tarotcaridaddelcobre.com\/index.php\/politica-de-privacidad-de-redes-sociales\/","og_site_name":"Tienda Caridad Del Cobre","twitter_card":"summary_large_image","twitter_misc":{"Tiempo de lectura":"5 minutos"},"schema":{"@context":"https:\/\/schema.org","@graph":[{"@type":"WebPage","@id":"https:\/\/tienda.tarotcaridaddelcobre.com\/index.php\/politica-de-privacidad-de-redes-sociales\/","url":"https:\/\/tienda.tarotcaridaddelcobre.com\/index.php\/politica-de-privacidad-de-redes-sociales\/","name":"Pol\u00edtica de Privacidad de Redes Sociales - Tienda Caridad Del Cobre","isPartOf":{"@id":"https:\/\/tienda.tarotcaridaddelcobre.com\/#website"},"datePublished":"2025-10-19T09:54:20+00:00","breadcrumb":{"@id":"https:\/\/tienda.tarotcaridaddelcobre.com\/index.php\/politica-de-privacidad-de-redes-sociales\/#breadcrumb"},"inLanguage":"es","potentialAction":[{"@type":"ReadAction","target":["https:\/\/tienda.tarotcaridaddelcobre.com\/index.php\/politica-de-privacidad-de-redes-sociales\/"]}]},{"@type":"BreadcrumbList","@id":"https:\/\/tienda.tarotcaridaddelcobre.com\/index.php\/politica-de-privacidad-de-redes-sociales\/#breadcrumb","itemListElement":[{"@type":"ListItem","position":1,"name":"Portada","item":"https:\/\/tienda.tarotcaridaddelcobre.com\/"},{"@type":"ListItem","position":2,"name":"Pol\u00edtica de Privacidad de Redes Sociales"}]},{"@type":"WebSite","@id":"https:\/\/tienda.tarotcaridaddelcobre.com\/#website","url":"https:\/\/tienda.tarotcaridaddelcobre.com\/","name":"Tienda Caridad Del Cobre","description":"Si lo sue\u00f1as aqu\u00ed lo encontrar\u00e1s","potentialAction":[{"@type":"SearchAction","target":{"@type":"EntryPoint","urlTemplate":"https:\/\/tienda.tarotcaridaddelcobre.com\/?s={search_term_string}"},"query-input":{"@type":"PropertyValueSpecification","valueRequired":true,"valueName":"search_term_string"}}],"inLanguage":"es"}]}},"_links":{"self":[{"href":"https:\/\/tienda.tarotcaridaddelcobre.com\/index.php\/wp-json\/wp\/v2\/pages\/664","targetHints":{"allow":["GET"]}}],"collection":[{"href":"https:\/\/tienda.tarotcaridaddelcobre.com\/index.php\/wp-json\/wp\/v2\/pages"}],"about":[{"href":"https:\/\/tienda.tarotcaridaddelcobre.com\/index.php\/wp-json\/wp\/v2\/types\/page"}],"author":[{"embeddable":true,"href":"https:\/\/tienda.tarotcaridaddelcobre.com\/index.php\/wp-json\/wp\/v2\/users\/1"}],"replies":[{"embeddable":true,"href":"https:\/\/tienda.tarotcaridaddelcobre.com\/index.php\/wp-json\/wp\/v2\/comments?post=664"}],"version-history":[{"count":0,"href":"https:\/\/tienda.tarotcaridaddelcobre.com\/index.php\/wp-json\/wp\/v2\/pages\/664\/revisions"}],"wp:attachment":[{"href":"https:\/\/tienda.tarotcaridaddelcobre.com\/index.php\/wp-json\/wp\/v2\/media?parent=664"}],"curies":[{"name":"wp","href":"https:\/\/api.w.org\/{rel}","templated":true}]}}