{"id":658,"date":"2025-10-19T09:47:47","date_gmt":"2025-10-19T09:47:47","guid":{"rendered":"https:\/\/tienda.tarotcaridaddelcobre.com\/?page_id=658"},"modified":"2025-10-19T09:47:47","modified_gmt":"2025-10-19T09:47:47","slug":"proteccion-de-datos","status":"publish","type":"page","link":"https:\/\/tienda.tarotcaridaddelcobre.com\/index.php\/proteccion-de-datos\/","title":{"rendered":"Protecci\u00f3n de Datos"},"content":{"rendered":"<h4 class=\"wp-block-heading\">Protecci\u00f3n de Datos<\/h4>\n<h4 id=\"identificaci\u00f3n-y-titularidad\" class=\"wp-block-heading\">Identificaci\u00f3n y Titularidad<\/h4>\n<p>Este sitio Web est\u00e1 bajo el Reglamento Europeo de Protecci\u00f3n de Datos (RGPD) y a la reciente Ley Org\u00e1nica 3\/2018, de 5 de diciembre, de Protecci\u00f3n de Datos Personales y garant\u00eda de los derechos digitales.<\/p>\n<ul class=\"wp-block-list\">\n<li><strong>Titular:<\/strong>\u00a0Sonia Soto Cortes<\/li>\n<li><strong>NIF:<\/strong>\u00a0\u00a053285795Q<\/li>\n<li><strong>Domicilio:<\/strong>\u00a0Cam\u00ed Vell de Sant Celoni 60 casa, C.P 08460, Santa Mar\u00eda Palautordera \u2013 Barcelona<\/li>\n<li><strong>Correo electr\u00f3nico:<\/strong>\u00a0<a href=\"mailto:info@tienda.caridaddelcobre.com\">info@tienda.caridaddelcobre.com<\/a><\/li>\n<li><strong>Sitio Web:\u00a0<a href=\"https:\/\/tienda.tarotcaridaddelcobre.com\/\">https:\/\/tienda.tarotcaridaddelcobre.com\/<\/a><\/strong><\/li>\n<\/ul>\n<h4 class=\"wp-block-heading\">Finalidad del tratamiento de datos<\/h4>\n<p>Este apartado contiene, de forma general, un conjunto de menciones o referencias legales que servir\u00e1n para regular las condiciones en las que los usuarios de Internet acceden, navegan y utilizan el sitio o p\u00e1gina web.<br \/>\nTambi\u00e9n comprende los derechos, obligaciones y responsabilidades a los que las partes quedan sometidas rec\u00edprocamente durante el acceso, navegaci\u00f3n y uso del sitio web.<br \/>\nEn\u00a0<strong>Tienda Caridad del Cobre <\/strong>tratamos los datos que nos facilitas para las siguientes finalidades:<br \/>\nRealizar una correcta gesti\u00f3n del alta dentro de nuestra plataforma <strong>Tienda Caridad del Cobre<\/strong>.<\/p>\n<h4 class=\"wp-block-heading\">\u00bfPor cu\u00e1nto tiempo conservaremos tus datos?<\/h4>\n<p>Si eres un usuario, tus datos ser\u00e1n conservados mientras dure la relaci\u00f3n contractual y comercial con nosotros, mientras no solicites su supresi\u00f3n inmediata, as\u00ed como el tiempo necesario para cumplir las obligaciones legales.<br \/>\nSi eres profesional durante el tiempo que tenga de duraci\u00f3n el contrato entre <strong>Tienda Caridad del Cobre<\/strong><strong>\u00a0<\/strong>y t\u00fa.<br \/>\nEn todo caso, conservaremos tus datos durante el tiempo necesario para cumplir las obligaciones legales.<br \/>\nIndependientemente de si eres un anunciante o un usuario, conservaremos tus datos de navegaci\u00f3n durante un plazo m\u00e1ximo de 12 meses.<\/p>\n<h4 class=\"wp-block-heading\">\u00bfA qu\u00e9 destinatarios se comunicar\u00e1n tus datos? Protecci\u00f3n Datos<\/h4>\n<p>Tus datos personales ser\u00e1n comunicados a terceros en los siguientes supuestos:<br \/>\nTus datos personales podr\u00e1n ser cedidos a las autoridades competentes en los casos que exista una obligaci\u00f3n legal.<\/p>\n<h4 class=\"wp-block-heading\">\u00bfCu\u00e1les son tus derechos cuando nos facilitas tus datos y c\u00f3mo puedes ejercerlos? Protecci\u00f3n de Datos<\/h4>\n<p>Tienes derecho a obtener confirmaci\u00f3n sobre si en <strong>Tienda Caridad del Cobre<\/strong><strong>\u00a0<\/strong>estamos tratando datos personales que te conciernan, o no.<br \/>\nTienes derecho a acceder a tus datos personales, as\u00ed como a solicitar la rectificaci\u00f3n de los datos inexactos o solicitar su supresi\u00f3n cuando, entre otros motivos, los datos ya no sean necesarios para los fines que fueron recogidos.<br \/>\nEn determinadas circunstancias, podr\u00e1s solicitar la limitaci\u00f3n del tratamiento de tus datos, en cuyo caso \u00fanicamente los conservaremos para el ejercicio o la defensa de reclamaciones.<\/p>\n<p>Adicionalmente, en determinadas circunstancias y por motivos relacionados con tu situaci\u00f3n particular, podr\u00e1s oponerte al tratamiento de tus datos. <strong>Tienda Caridad del Cobre<\/strong>\u00a0dejar\u00e1 de tratar los datos, salvo por motivos leg\u00edtimos imperiosos, o el ejercicio o la defensa de posibles reclamaciones. Asimismo, puedes ejercer el derecho a la portabilidad de los datos, as\u00ed como retirar los consentimientos facilitados en cualquier momento.<\/p>\n<p>Sin que ello afecte a la licitud del tratamiento basado en el consentimiento previo a su retirada. En tanto en cuanto los datos del usuario son objeto de tratamiento por parte de <strong>Tienda Caridad del Cobre<\/strong>. Los usuarios podr\u00e1n ejercer los derechos de acceso, rectificaci\u00f3n, cancelaci\u00f3n y oposici\u00f3n de acuerdo con lo previsto en la normativa legal vigente en materia de protecci\u00f3n de datos<br \/>\npersonales. Para hacer uso del ejercicio de estos derechos, el usuario deber\u00e1 dirigirse mediante comunicaci\u00f3n escrita, aportando documentaci\u00f3n que acredite su identidad (DNI o pasaporte), a la siguiente direcci\u00f3n: Sonia Soto Cortes,\u00a0Cam\u00ed Vell de Sant Celoni 60 casa, C.P 08460, Santa Mar\u00eda Palautordera \u2013 Barcelona, Tarot Caridad del Cobre.<\/p>\n","protected":false},"excerpt":{"rendered":"<p>Protecci\u00f3n de Datos Identificaci\u00f3n y Titularidad Este sitio Web est\u00e1 bajo el Reglamento Europeo de Protecci\u00f3n de Datos (RGPD) y a la reciente Ley Org\u00e1nica 3\/2018, de 5 de diciembre, de Protecci\u00f3n de Datos Personales y garant\u00eda de los derechos digitales. Titular:\u00a0Sonia Soto Cortes NIF:\u00a0\u00a053285795Q Domicilio:\u00a0Cam\u00ed Vell de Sant Celoni 60 casa, C.P 08460, Santa [&hellip;]<\/p>\n","protected":false},"author":1,"featured_media":0,"parent":0,"menu_order":0,"comment_status":"closed","ping_status":"closed","template":"","meta":{"footnotes":""},"class_list":["post-658","page","type-page","status-publish","hentry"],"yoast_head":"<!-- This site is optimized with the Yoast SEO plugin v26.6 - https:\/\/yoast.com\/wordpress\/plugins\/seo\/ -->\n<title>Protecci\u00f3n de Datos - Tienda Caridad Del Cobre<\/title>\n<meta name=\"robots\" content=\"index, follow, max-snippet:-1, max-image-preview:large, max-video-preview:-1\" \/>\n<link rel=\"canonical\" href=\"https:\/\/tienda.tarotcaridaddelcobre.com\/index.php\/proteccion-de-datos\/\" \/>\n<meta property=\"og:locale\" content=\"es_ES\" \/>\n<meta property=\"og:type\" content=\"article\" \/>\n<meta property=\"og:title\" content=\"Protecci\u00f3n de Datos - Tienda Caridad Del Cobre\" \/>\n<meta property=\"og:description\" content=\"Protecci\u00f3n de Datos Identificaci\u00f3n y Titularidad Este sitio Web est\u00e1 bajo el Reglamento Europeo de Protecci\u00f3n de Datos (RGPD) y a la reciente Ley Org\u00e1nica 3\/2018, de 5 de diciembre, de Protecci\u00f3n de Datos Personales y garant\u00eda de los derechos digitales. Titular:\u00a0Sonia Soto Cortes NIF:\u00a0\u00a053285795Q Domicilio:\u00a0Cam\u00ed Vell de Sant Celoni 60 casa, C.P 08460, Santa [&hellip;]\" \/>\n<meta property=\"og:url\" content=\"https:\/\/tienda.tarotcaridaddelcobre.com\/index.php\/proteccion-de-datos\/\" \/>\n<meta property=\"og:site_name\" content=\"Tienda Caridad Del Cobre\" \/>\n<meta name=\"twitter:card\" content=\"summary_large_image\" \/>\n<meta name=\"twitter:label1\" content=\"Tiempo de lectura\" \/>\n\t<meta name=\"twitter:data1\" content=\"3 minutos\" \/>\n<script type=\"application\/ld+json\" class=\"yoast-schema-graph\">{\"@context\":\"https:\/\/schema.org\",\"@graph\":[{\"@type\":\"WebPage\",\"@id\":\"https:\/\/tienda.tarotcaridaddelcobre.com\/index.php\/proteccion-de-datos\/\",\"url\":\"https:\/\/tienda.tarotcaridaddelcobre.com\/index.php\/proteccion-de-datos\/\",\"name\":\"Protecci\u00f3n de Datos - Tienda Caridad Del Cobre\",\"isPartOf\":{\"@id\":\"https:\/\/tienda.tarotcaridaddelcobre.com\/#website\"},\"datePublished\":\"2025-10-19T09:47:47+00:00\",\"breadcrumb\":{\"@id\":\"https:\/\/tienda.tarotcaridaddelcobre.com\/index.php\/proteccion-de-datos\/#breadcrumb\"},\"inLanguage\":\"es\",\"potentialAction\":[{\"@type\":\"ReadAction\",\"target\":[\"https:\/\/tienda.tarotcaridaddelcobre.com\/index.php\/proteccion-de-datos\/\"]}]},{\"@type\":\"BreadcrumbList\",\"@id\":\"https:\/\/tienda.tarotcaridaddelcobre.com\/index.php\/proteccion-de-datos\/#breadcrumb\",\"itemListElement\":[{\"@type\":\"ListItem\",\"position\":1,\"name\":\"Portada\",\"item\":\"https:\/\/tienda.tarotcaridaddelcobre.com\/\"},{\"@type\":\"ListItem\",\"position\":2,\"name\":\"Protecci\u00f3n de Datos\"}]},{\"@type\":\"WebSite\",\"@id\":\"https:\/\/tienda.tarotcaridaddelcobre.com\/#website\",\"url\":\"https:\/\/tienda.tarotcaridaddelcobre.com\/\",\"name\":\"Tienda Caridad Del Cobre\",\"description\":\"Si lo sue\u00f1as aqu\u00ed lo encontrar\u00e1s\",\"potentialAction\":[{\"@type\":\"SearchAction\",\"target\":{\"@type\":\"EntryPoint\",\"urlTemplate\":\"https:\/\/tienda.tarotcaridaddelcobre.com\/?s={search_term_string}\"},\"query-input\":{\"@type\":\"PropertyValueSpecification\",\"valueRequired\":true,\"valueName\":\"search_term_string\"}}],\"inLanguage\":\"es\"}]}<\/script>\n<!-- \/ Yoast SEO plugin. -->","yoast_head_json":{"title":"Protecci\u00f3n de Datos - Tienda Caridad Del Cobre","robots":{"index":"index","follow":"follow","max-snippet":"max-snippet:-1","max-image-preview":"max-image-preview:large","max-video-preview":"max-video-preview:-1"},"canonical":"https:\/\/tienda.tarotcaridaddelcobre.com\/index.php\/proteccion-de-datos\/","og_locale":"es_ES","og_type":"article","og_title":"Protecci\u00f3n de Datos - Tienda Caridad Del Cobre","og_description":"Protecci\u00f3n de Datos Identificaci\u00f3n y Titularidad Este sitio Web est\u00e1 bajo el Reglamento Europeo de Protecci\u00f3n de Datos (RGPD) y a la reciente Ley Org\u00e1nica 3\/2018, de 5 de diciembre, de Protecci\u00f3n de Datos Personales y garant\u00eda de los derechos digitales. Titular:\u00a0Sonia Soto Cortes NIF:\u00a0\u00a053285795Q Domicilio:\u00a0Cam\u00ed Vell de Sant Celoni 60 casa, C.P 08460, Santa [&hellip;]","og_url":"https:\/\/tienda.tarotcaridaddelcobre.com\/index.php\/proteccion-de-datos\/","og_site_name":"Tienda Caridad Del Cobre","twitter_card":"summary_large_image","twitter_misc":{"Tiempo de lectura":"3 minutos"},"schema":{"@context":"https:\/\/schema.org","@graph":[{"@type":"WebPage","@id":"https:\/\/tienda.tarotcaridaddelcobre.com\/index.php\/proteccion-de-datos\/","url":"https:\/\/tienda.tarotcaridaddelcobre.com\/index.php\/proteccion-de-datos\/","name":"Protecci\u00f3n de Datos - Tienda Caridad Del Cobre","isPartOf":{"@id":"https:\/\/tienda.tarotcaridaddelcobre.com\/#website"},"datePublished":"2025-10-19T09:47:47+00:00","breadcrumb":{"@id":"https:\/\/tienda.tarotcaridaddelcobre.com\/index.php\/proteccion-de-datos\/#breadcrumb"},"inLanguage":"es","potentialAction":[{"@type":"ReadAction","target":["https:\/\/tienda.tarotcaridaddelcobre.com\/index.php\/proteccion-de-datos\/"]}]},{"@type":"BreadcrumbList","@id":"https:\/\/tienda.tarotcaridaddelcobre.com\/index.php\/proteccion-de-datos\/#breadcrumb","itemListElement":[{"@type":"ListItem","position":1,"name":"Portada","item":"https:\/\/tienda.tarotcaridaddelcobre.com\/"},{"@type":"ListItem","position":2,"name":"Protecci\u00f3n de Datos"}]},{"@type":"WebSite","@id":"https:\/\/tienda.tarotcaridaddelcobre.com\/#website","url":"https:\/\/tienda.tarotcaridaddelcobre.com\/","name":"Tienda Caridad Del Cobre","description":"Si lo sue\u00f1as aqu\u00ed lo encontrar\u00e1s","potentialAction":[{"@type":"SearchAction","target":{"@type":"EntryPoint","urlTemplate":"https:\/\/tienda.tarotcaridaddelcobre.com\/?s={search_term_string}"},"query-input":{"@type":"PropertyValueSpecification","valueRequired":true,"valueName":"search_term_string"}}],"inLanguage":"es"}]}},"_links":{"self":[{"href":"https:\/\/tienda.tarotcaridaddelcobre.com\/index.php\/wp-json\/wp\/v2\/pages\/658","targetHints":{"allow":["GET"]}}],"collection":[{"href":"https:\/\/tienda.tarotcaridaddelcobre.com\/index.php\/wp-json\/wp\/v2\/pages"}],"about":[{"href":"https:\/\/tienda.tarotcaridaddelcobre.com\/index.php\/wp-json\/wp\/v2\/types\/page"}],"author":[{"embeddable":true,"href":"https:\/\/tienda.tarotcaridaddelcobre.com\/index.php\/wp-json\/wp\/v2\/users\/1"}],"replies":[{"embeddable":true,"href":"https:\/\/tienda.tarotcaridaddelcobre.com\/index.php\/wp-json\/wp\/v2\/comments?post=658"}],"version-history":[{"count":0,"href":"https:\/\/tienda.tarotcaridaddelcobre.com\/index.php\/wp-json\/wp\/v2\/pages\/658\/revisions"}],"wp:attachment":[{"href":"https:\/\/tienda.tarotcaridaddelcobre.com\/index.php\/wp-json\/wp\/v2\/media?parent=658"}],"curies":[{"name":"wp","href":"https:\/\/api.w.org\/{rel}","templated":true}]}}